{"id":2,"date":"2016-04-13T02:16:31","date_gmt":"2016-04-13T02:16:31","guid":{"rendered":"http:\/\/wp45m.a10-52-158-154.qa.plesk.ru\/wordpress\/?page_id=2"},"modified":"2016-11-30T10:03:27","modified_gmt":"2016-11-30T08:03:27","slug":"sample-page","status":"publish","type":"page","link":"https:\/\/anker-apotheke.ch\/","title":{"rendered":"Home"},"content":{"rendered":"<p>Seit Oktober 1985 stehen wir eine kleine Apotheke im Familienbetrieb Ihnen in Teufen und Umgebung in medizinisch-pharmazeutischen Fragen zur Verf\u00fcgung.  Trotz SD-\u00c4rzten und Drogerien denen es erlaubt ist Apotheken-pflichtige Medikamente zu verkaufen, haben wir in unserem Sortiment nicht nur rezeptpflichtige- sondern auch frei verk\u00e4ufliche Medikamente und bieten Ihnen auch Drogerie-, K\u00f6rperpflege- und Parfumerie-Produckte an. Unsere St\u00e4rke liegt in unseren selbst-hergestellen Biologisch-, Hom\u00f6opathisch- und Phytotherapeutische-Hausspezialit\u00e4ten.<\/p>\n<p style=\"text-align: left;\">Wir sind stolz, nach \u00fcber 30 Jahre, Ihr Partner im Interesse Ihrer Gesundheit zu sein.<\/p>\n<p style=\"text-align: left;\">Professionalit\u00e4t &#8211; Kompetenz &#8211; Verlass: unsere Kunden kennen uns. Seit 1985 und bis heute sind wir Teufens Apotheke.<\/p>\n<p style=\"text-align: left;\"><!-- index.php -->\n<div\n\tclass=\"ngg-galleryoverview ngg-ajax-pagination-none\"\n\tid=\"ngg-gallery-56-1\">\n\n    \t\t<!-- Thumbnails -->\n\t\t\t\t<div id=\"ngg-image-0\" class=\"ngg-gallery-thumbnail-box\" >\n\t\t\t\t        <div class=\"ngg-gallery-thumbnail\">\n            <a href=\"https:\/\/anker-apotheke.ch\/wp-content\/gallery\/Anker-Apotheke\/bild1_g.jpg\"\n               title=\"\"\n               data-src=\"https:\/\/anker-apotheke.ch\/wp-content\/gallery\/Anker-Apotheke\/bild1_g.jpg\"\n               data-thumbnail=\"https:\/\/anker-apotheke.ch\/wp-content\/gallery\/Anker-Apotheke\/thumbs\/thumbs_bild1_g.jpg\"\n               data-image-id=\"1\"\n               data-title=\"bild1_g\"\n               data-description=\"\"\n               data-image-slug=\"bild1_g\"\n               class=\"ngg-fancybox\" rel=\"56\">\n                <img\n                    title=\"bild1_g\"\n                    alt=\"bild1_g\"\n                    src=\"https:\/\/anker-apotheke.ch\/wp-content\/gallery\/Anker-Apotheke\/thumbs\/thumbs_bild1_g.jpg\"\n                    width=\"240\"\n                    height=\"160\"\n                    style=\"max-width:100%;\"\n                \/>\n            <\/a>\n        <\/div>\n\t\t\t\t\t\t\t<\/div> \n\t\t\t\n        \n\t\t\t\t<div id=\"ngg-image-1\" class=\"ngg-gallery-thumbnail-box\" >\n\t\t\t\t        <div class=\"ngg-gallery-thumbnail\">\n            <a href=\"https:\/\/anker-apotheke.ch\/wp-content\/gallery\/Anker-Apotheke\/bild2_g.jpg\"\n               title=\"\"\n               data-src=\"https:\/\/anker-apotheke.ch\/wp-content\/gallery\/Anker-Apotheke\/bild2_g.jpg\"\n               data-thumbnail=\"https:\/\/anker-apotheke.ch\/wp-content\/gallery\/Anker-Apotheke\/thumbs\/thumbs_bild2_g.jpg\"\n               data-image-id=\"2\"\n               data-title=\"bild2_g\"\n               data-description=\"\"\n               data-image-slug=\"bild2_g\"\n               class=\"ngg-fancybox\" rel=\"56\">\n                <img\n                    title=\"bild2_g\"\n                    alt=\"bild2_g\"\n                    src=\"https:\/\/anker-apotheke.ch\/wp-content\/gallery\/Anker-Apotheke\/thumbs\/thumbs_bild2_g.jpg\"\n                    width=\"240\"\n                    height=\"160\"\n                    style=\"max-width:100%;\"\n                \/>\n            <\/a>\n        <\/div>\n\t\t\t\t\t\t\t<\/div> \n\t\t\t\n        \n\t\t\n\t\t<!-- Pagination -->\n\t<div class='ngg-clear'><\/div>\t<\/div>\n<\/p>\n","protected":false},"excerpt":{"rendered":"<p>Seit Oktober 1985 stehen wir eine kleine Apotheke im Familienbetrieb Ihnen in Teufen und Umgebung in medizinisch-pharmazeutischen Fragen zur Verf\u00fcgung. Trotz SD-\u00c4rzten und Drogerien denen es erlaubt ist Apotheken-pflichtige Medikamente zu verkaufen, haben wir in unserem Sortiment nicht nur rezeptpflichtige- sondern auch frei verk\u00e4ufliche Medikamente und bieten Ihnen auch Drogerie-, K\u00f6rperpflege- und Parfumerie-Produckte an. Unsere [&hellip;]<\/p>\n","protected":false},"author":1,"featured_media":0,"parent":0,"menu_order":0,"comment_status":"closed","ping_status":"open","template":"","meta":{"ngg_post_thumbnail":0},"_links":{"self":[{"href":"https:\/\/anker-apotheke.ch\/index.php?rest_route=\/wp\/v2\/pages\/2"}],"collection":[{"href":"https:\/\/anker-apotheke.ch\/index.php?rest_route=\/wp\/v2\/pages"}],"about":[{"href":"https:\/\/anker-apotheke.ch\/index.php?rest_route=\/wp\/v2\/types\/page"}],"author":[{"embeddable":true,"href":"https:\/\/anker-apotheke.ch\/index.php?rest_route=\/wp\/v2\/users\/1"}],"replies":[{"embeddable":true,"href":"https:\/\/anker-apotheke.ch\/index.php?rest_route=%2Fwp%2Fv2%2Fcomments&post=2"}],"version-history":[{"count":11,"href":"https:\/\/anker-apotheke.ch\/index.php?rest_route=\/wp\/v2\/pages\/2\/revisions"}],"predecessor-version":[{"id":71,"href":"https:\/\/anker-apotheke.ch\/index.php?rest_route=\/wp\/v2\/pages\/2\/revisions\/71"}],"wp:attachment":[{"href":"https:\/\/anker-apotheke.ch\/index.php?rest_route=%2Fwp%2Fv2%2Fmedia&parent=2"}],"curies":[{"name":"wp","href":"https:\/\/api.w.org\/{rel}","templated":true}]}}